{"id":7881,"date":"2017-09-09T23:02:55","date_gmt":"2017-09-09T22:02:55","guid":{"rendered":"http:\/\/kennethwoods.net\/blog1\/?page_id=7881"},"modified":"2019-11-16T19:13:12","modified_gmt":"2019-11-16T18:13:12","slug":"opera-repertoire","status":"publish","type":"page","link":"https:\/\/kennethwoods.net\/blog1\/bio\/repertoire\/opera-repertoire\/","title":{"rendered":"Opera Repertoire"},"content":{"rendered":"<p><strong>Bart\u00f3k, B\u00e9la:<\/strong><br \/>\nBluebeard\u2019s Castle<\/p>\n<p><strong>Bizet, Georges:<br \/>\n<\/strong>Carmen<\/p>\n<p><strong>Britten, Benjamin:<br \/>\n<\/strong>Albert Herring<\/p>\n<p><strong>Donizetti, Gaetano:<br \/>\n<\/strong><em>L\u2019Elisir d\u2019amore<\/em><\/p>\n<p><strong>Joubert, John<\/strong><br \/>\nJane Eyre (world premiere performance and recording)<\/p>\n<p><strong>Mozart, Wolfgang Amadeus:<br \/>\n<\/strong><em>Don Giovanni<br \/>\nLe nozze di Figaro<br \/>\nDie Zauberfl\u00f6te<\/em><\/p>\n<p><strong>Puccini, Giacomo:<br \/>\n<\/strong><em>Suor Angelica<br \/>\nGianni Schicchi<br \/>\nTurandot<br \/>\nLa boh\u00e8me<\/em><br \/>\n<em>Madama Butterfly<\/em><\/p>\n<p><strong>Verdi, Giuseppe:<br \/>\n<\/strong>Falstaff<\/p>\n<p><strong>Wagner<\/strong><br \/>\n<em>Die Walk<\/em><em>\u00fcre<\/em><\/p>\n<div id=\"wp_fb_like_button\" style=\"margin:5px 0;float:none;height:100px;\"><script src=\"http:\/\/connect.facebook.net\/en_US\/all.js#xfbml=1\"><\/script><fb:like href=\"https:\/\/kennethwoods.net\/blog1\/bio\/repertoire\/opera-repertoire\/\" send=\"false\" layout=\"box_count\" width=\"450\" show_faces=\"true\" font=\"arial\" action=\"like\" colorscheme=\"light\"><\/fb:like><\/div>","protected":false},"excerpt":{"rendered":"<p>Bart\u00f3k, B\u00e9la: Bluebeard\u2019s Castle Bizet, Georges: Carmen Britten, Benjamin: Albert Herring Donizetti, Gaetano: L\u2019Elisir d\u2019amore Joubert, John Jane Eyre (world premiere performance and recording) Mozart, Wolfgang Amadeus: Don Giovanni Le nozze di Figaro Die Zauberfl\u00f6te Puccini, Giacomo: Suor Angelica Gianni Schicchi Turandot La boh\u00e8me Madama Butterfly Verdi, Giuseppe: Falstaff Wagner Die Walk\u00fcre<\/p>\n","protected":false},"author":1,"featured_media":0,"parent":4165,"menu_order":2,"comment_status":"closed","ping_status":"closed","template":"","meta":{"_et_pb_use_builder":"","_et_pb_old_content":"","_et_gb_content_width":"","footnotes":""},"class_list":["post-7881","page","type-page","status-publish","hentry"],"_links":{"self":[{"href":"https:\/\/kennethwoods.net\/blog1\/wp-json\/wp\/v2\/pages\/7881","targetHints":{"allow":["GET"]}}],"collection":[{"href":"https:\/\/kennethwoods.net\/blog1\/wp-json\/wp\/v2\/pages"}],"about":[{"href":"https:\/\/kennethwoods.net\/blog1\/wp-json\/wp\/v2\/types\/page"}],"author":[{"embeddable":true,"href":"https:\/\/kennethwoods.net\/blog1\/wp-json\/wp\/v2\/users\/1"}],"replies":[{"embeddable":true,"href":"https:\/\/kennethwoods.net\/blog1\/wp-json\/wp\/v2\/comments?post=7881"}],"version-history":[{"count":3,"href":"https:\/\/kennethwoods.net\/blog1\/wp-json\/wp\/v2\/pages\/7881\/revisions"}],"predecessor-version":[{"id":8829,"href":"https:\/\/kennethwoods.net\/blog1\/wp-json\/wp\/v2\/pages\/7881\/revisions\/8829"}],"up":[{"embeddable":true,"href":"https:\/\/kennethwoods.net\/blog1\/wp-json\/wp\/v2\/pages\/4165"}],"wp:attachment":[{"href":"https:\/\/kennethwoods.net\/blog1\/wp-json\/wp\/v2\/media?parent=7881"}],"curies":[{"name":"wp","href":"https:\/\/api.w.org\/{rel}","templated":true}]}}