{"id":6648,"date":"2015-01-06T18:04:05","date_gmt":"2015-01-06T17:04:05","guid":{"rendered":"http:\/\/kennethwoods.net\/blog1\/?post_type=product&#038;p=6648"},"modified":"2015-11-20T17:29:07","modified_gmt":"2015-11-20T16:29:07","slug":"hans-gal-the-four-symphonies","status":"publish","type":"product","link":"https:\/\/kennethwoods.net\/blog1\/product\/hans-gal-the-four-symphonies\/","title":{"rendered":"Hans G\u00e1l- The Four Symphonies"},"content":{"rendered":"<p>&nbsp;<\/p>\n<p><a href=\"http:\/\/kennethwoods.net\/blog1\/product\/hans-gal-the-four-symphonies\/gal-four-symphonies\/#main\" rel=\"attachment wp-att-6649\"><img loading=\"lazy\" decoding=\"async\" class=\"alignnone wp-image-6649\" src=\"http:\/\/kennethwoods.net\/blog1\/wp-content\/uploads\/2015\/01\/Gal-Four-Symphonies-1024x1024.jpg\" alt=\"Gal Four Symphonies\" width=\"500\" height=\"500\" srcset=\"https:\/\/kennethwoods.net\/blog1\/wp-content\/uploads\/2015\/01\/Gal-Four-Symphonies-1024x1024.jpg 1024w, https:\/\/kennethwoods.net\/blog1\/wp-content\/uploads\/2015\/01\/Gal-Four-Symphonies-150x150.jpg 150w, https:\/\/kennethwoods.net\/blog1\/wp-content\/uploads\/2015\/01\/Gal-Four-Symphonies-300x300.jpg 300w, https:\/\/kennethwoods.net\/blog1\/wp-content\/uploads\/2015\/01\/Gal-Four-Symphonies-90x90.jpg 90w, https:\/\/kennethwoods.net\/blog1\/wp-content\/uploads\/2015\/01\/Gal-Four-Symphonies-1140x1140.jpg 1140w, https:\/\/kennethwoods.net\/blog1\/wp-content\/uploads\/2015\/01\/Gal-Four-Symphonies-570x570.jpg 570w, https:\/\/kennethwoods.net\/blog1\/wp-content\/uploads\/2015\/01\/Gal-Four-Symphonies-380x380.jpg 380w, https:\/\/kennethwoods.net\/blog1\/wp-content\/uploads\/2015\/01\/Gal-Four-Symphonies-285x285.jpg 285w, https:\/\/kennethwoods.net\/blog1\/wp-content\/uploads\/2015\/01\/Gal-Four-Symphonies.jpg 1200w\" sizes=\"auto, (max-width: 500px) 100vw, 500px\" \/><\/a><\/p>\n<p>&nbsp;<\/p>\n<p>The cycle of the four Symphonies by Hans G\u00e1l, performed by Kenneth Woods and Stratford-upon-Avon based Orchestra of the Swan, in remastered versions presented together for the first time.<\/p>\n<p>In 2013 Kenneth Woods and the Stratford-upon-Avon based Orchestra of the Swan made musical history when they completed the first ever recorded cycle of the Symphonies by Hans G\u00e1l. By dusting off the Austrian \u00e9migr\u00e9 composer&#8217;s gorgeously melodic and finely crafted scores, which remained relatively dormant throughout the 20th century, Woods has captured the imagination and introduced a new generation to G\u00e1l&#8217;s wide-ranging and extensive oeuvre. The four symphonies, each originally released alongside those of Robert Schumann, are re-mastered and presented all together for the first time, opening the door to further exploration and discovery.<\/p>\n<p>Personnel: Orchestra of the Swan, Kenneth Woods (conductor)<\/p>\n<p>Critical acclaim for Kenneth Woods&#8217; and Orchestra of the Swan&#8217;s Hans Gal:<\/p>\n<p>&#8220;Hats off to conductor Kenneth Woods and his Orchestra of the Swan who have been making a case for G\u00e1l&#8217;s elegantly built orchestral pieces&#8230;Here&#8217;s hoping this is the beginning of a substantial G\u00e1l revival.&#8221; &#8211; National Public Radio&#8217;s All Things Considered (reviewing Symphony No. 3)<\/p>\n<p>&#8220;The Orchestra of the Swan provide a quietly compelling account, relishing the many solos, duos and textural intricacies that G\u00e1l wrings from his orchestra.&#8221; &#8211; Gramophone, Editor&#8217;s Choice (on Symphony No. 4)<\/p>\n<p>&#8220;Beautifully played&#8230;transcendent&#8230;this orchestra seems to breathe together.&#8221; &#8211; BBC Music Magazine (on Symphony No. 1)<\/p>\n<div id=\"wp_fb_like_button\" style=\"margin:5px 0;float:none;height:100px;\"><script src=\"http:\/\/connect.facebook.net\/en_US\/all.js#xfbml=1\"><\/script><fb:like href=\"https:\/\/kennethwoods.net\/blog1\/product\/hans-gal-the-four-symphonies\/\" send=\"false\" layout=\"box_count\" width=\"450\" show_faces=\"true\" font=\"arial\" action=\"like\" colorscheme=\"light\"><\/fb:like><\/div>","protected":false},"excerpt":{"rendered":"<p><a href=\"http:\/\/kennethwoods.net\/blog1\/?attachment_id=6649#main\" rel=\"attachment wp-att-6649\"><img loading=\"lazy\" decoding=\"async\" class=\"alignnone wp-image-6649\" src=\"http:\/\/kennethwoods.net\/blog1\/wp-content\/uploads\/2015\/01\/Gal-Four-Symphonies-1024x1024.jpg\" alt=\"Gal Four Symphonies\" width=\"500\" height=\"500\" srcset=\"https:\/\/kennethwoods.net\/blog1\/wp-content\/uploads\/2015\/01\/Gal-Four-Symphonies-1024x1024.jpg 1024w, https:\/\/kennethwoods.net\/blog1\/wp-content\/uploads\/2015\/01\/Gal-Four-Symphonies-150x150.jpg 150w, https:\/\/kennethwoods.net\/blog1\/wp-content\/uploads\/2015\/01\/Gal-Four-Symphonies-300x300.jpg 300w, https:\/\/kennethwoods.net\/blog1\/wp-content\/uploads\/2015\/01\/Gal-Four-Symphonies-90x90.jpg 90w, https:\/\/kennethwoods.net\/blog1\/wp-content\/uploads\/2015\/01\/Gal-Four-Symphonies-1140x1140.jpg 1140w, https:\/\/kennethwoods.net\/blog1\/wp-content\/uploads\/2015\/01\/Gal-Four-Symphonies-570x570.jpg 570w, https:\/\/kennethwoods.net\/blog1\/wp-content\/uploads\/2015\/01\/Gal-Four-Symphonies-380x380.jpg 380w, https:\/\/kennethwoods.net\/blog1\/wp-content\/uploads\/2015\/01\/Gal-Four-Symphonies-285x285.jpg 285w, https:\/\/kennethwoods.net\/blog1\/wp-content\/uploads\/2015\/01\/Gal-Four-Symphonies.jpg 1200w\" sizes=\"auto, (max-width: 500px) 100vw, 500px\" \/><\/a><\/p>\n<p>The cycle of the four Symphonies by Hans G\u00e1l, performed by Kenneth Woods and Stratford-upon-Avon based Orchestra of the Swan, in remastered versions presented together for the first time.<\/p>\n<p>In 2013 Kenneth Woods and the Stratford-upon-Avon based Orchestra of the Swan made musical history when they completed the first ever recorded cycle of the Symphonies by Hans G\u00e1l. By dusting off the Austrian \u00e9migr\u00e9 composer&#8217;s gorgeously melodic and finely crafted scores, which remained relatively dormant throughout the 20th century, Woods has captured the imagination and introduced a new generation to G\u00e1l&#8217;s wide-ranging and extensive oeuvre. The four symphonies, each originally released alongside those of Robert Schumann, are re-mastered and presented all together for the first time, opening the door to further exploration and discovery.<\/p>\n<p>Personnel: Orchestra of the Swan, Kenneth Woods (conductor)<\/p>\n<p>Critical acclaim for Kenneth Woods&#8217; and Orchestra of the Swan&#8217;s Hans Gal:<\/p>\n<p>&#8220;Hats off to conductor Kenneth Woods and his Orchestra of the Swan who have been making a case for G\u00e1l&#8217;s elegantly built orchestral pieces&#8230;Here&#8217;s hoping this is the beginning of a substantial G\u00e1l revival.&#8221; &#8211; National Public Radio&#8217;s All Things Considered (reviewing Symphony No. 3)<\/p>\n<p>&#8220;The Orchestra of the Swan provide a quietly compelling account, relishing the many solos, duos and textural intricacies that G\u00e1l wrings from his orchestra.&#8221; &#8211; Gramophone, Editor&#8217;s Choice (on Symphony No. 4)<\/p>\n<p>&#8220;Beautifully played&#8230;transcendent&#8230;this orchestra seems to breathe together.&#8221; &#8211; BBC Music Magazine (on Symphony No. 1)<\/p>\n","protected":false},"featured_media":6649,"comment_status":"open","ping_status":"closed","template":"","meta":{"_et_pb_use_builder":"","_et_pb_old_content":"","_et_gb_content_width":""},"product_brand":[],"product_cat":[995],"product_tag":[1079,999,997],"class_list":{"0":"post-6648","1":"product","2":"type-product","3":"status-publish","4":"has-post-thumbnail","6":"product_cat-cds","7":"product_tag-avie-records","8":"product_tag-hans-gal-2","9":"product_tag-orchestra-of-the-swan-2","11":"first","12":"instock","13":"shipping-taxable","14":"purchasable","15":"product-type-simple"},"_links":{"self":[{"href":"https:\/\/kennethwoods.net\/blog1\/wp-json\/wp\/v2\/product\/6648","targetHints":{"allow":["GET"]}}],"collection":[{"href":"https:\/\/kennethwoods.net\/blog1\/wp-json\/wp\/v2\/product"}],"about":[{"href":"https:\/\/kennethwoods.net\/blog1\/wp-json\/wp\/v2\/types\/product"}],"replies":[{"embeddable":true,"href":"https:\/\/kennethwoods.net\/blog1\/wp-json\/wp\/v2\/comments?post=6648"}],"wp:featuredmedia":[{"embeddable":true,"href":"https:\/\/kennethwoods.net\/blog1\/wp-json\/wp\/v2\/media\/6649"}],"wp:attachment":[{"href":"https:\/\/kennethwoods.net\/blog1\/wp-json\/wp\/v2\/media?parent=6648"}],"wp:term":[{"taxonomy":"product_brand","embeddable":true,"href":"https:\/\/kennethwoods.net\/blog1\/wp-json\/wp\/v2\/product_brand?post=6648"},{"taxonomy":"product_cat","embeddable":true,"href":"https:\/\/kennethwoods.net\/blog1\/wp-json\/wp\/v2\/product_cat?post=6648"},{"taxonomy":"product_tag","embeddable":true,"href":"https:\/\/kennethwoods.net\/blog1\/wp-json\/wp\/v2\/product_tag?post=6648"}],"curies":[{"name":"wp","href":"https:\/\/api.w.org\/{rel}","templated":true}]}}