{"id":9759,"date":"2023-03-12T19:48:44","date_gmt":"2023-03-12T18:48:44","guid":{"rendered":"https:\/\/kennethwoods.net\/blog1\/?post_type=product&#038;p=9759"},"modified":"2024-06-28T16:04:23","modified_gmt":"2024-06-28T15:04:23","slug":"gustav-mahler-and-philip-sawyers-fifth-symphonies-2021-2-cds","status":"publish","type":"product","link":"https:\/\/kennethwoods.net\/blog1\/product\/gustav-mahler-and-philip-sawyers-fifth-symphonies-2021-2-cds\/","title":{"rendered":"Gustav Mahler and Philip Sawyers \u2013 Fifth Symphonies, 2021 (2 CDs)"},"content":{"rendered":"<h1>COLORADO MAHLERFEST XXXIV<\/h1>\n<h2>COLORADO MAHLERFEST ORCHESTRA<br \/>\nKENNETH WOODS, CONDUCTOR<\/h2>\n<h3>DISC I: Philip Sawyers: Symphony No. 5*<\/h3>\n<p>1. Moderato 11:50<br \/>\n2. Allegro 5:03<br \/>\n3. Lento 9:32<br \/>\n4. Presto 4:56<br \/>\n5. Allegro 8:27<\/p>\n<h3>DISC II: Gustav Mahler: Symphony No. 5<\/h3>\n<h4>Part 1<\/h4>\n<p>1. Trauermarsch 12:23<br \/>\n2. St\u00fcrmisch bewegt, mit gr\u00f6\u00dfter Vehemenz 14:33<\/p>\n<h4>Part 2<br \/>\n3. Scherzo 18:52<br \/>\nPart 3<br \/>\n4. Adagietto 9:06<br \/>\n5. Rondo-Finale 17:03<br \/>\n*World premiere<\/h4>\n<p>Recorded by Jonathan Galle<\/p>\n<p>Editing and mastering by Tim Burton<\/p>\n<p>RECORDED IN CONCERT AUGUST 28, 2021 | MACKY AUDITORIUM<br \/>\nBOULDER, COLORADO | \u00a9 2022 Colorado MahlerFest All Rights Reserved<\/p>\n<p><em>Please note \u2013 for environmental reasons, this item is not shrink-wrapped.<\/em><\/p>\n<p>&nbsp;<\/p>\n<h2>This album is also available as a mp3 and hifi\u00a0<a href=\"https:\/\/coloradomahlerfest.bandcamp.com\/album\/mahlerfest-xxxiv-philip-sawyers-symphony-no-5-gustav-mahler-symphony-no-5\" target=\"_blank\" rel=\"noopener noreferrer\">digital download via Bandcamp<\/a><\/h2>\n<p><iframe style=\"border: 0; width: 350px; height: 470px;\" src=\"https:\/\/bandcamp.com\/EmbeddedPlayer\/album=3200242908\/size=large\/bgcol=ffffff\/linkcol=0687f5\/tracklist=false\/transparent=true\/\" seamless=\"\"><a href=\"https:\/\/coloradomahlerfest.bandcamp.com\/album\/mahlerfest-xxxiv-philip-sawyers-symphony-no-5-gustav-mahler-symphony-no-5\">MAHLERFEST XXXIV: PHILIP SAWYERS: SYMPHONY NO. 5\/\/ GUSTAV MAHLER: SYMPHONY NO. 5 by Colorado MahlerFest Orchestra, Kenneth Woods<\/a><\/iframe><\/p>\n<div id=\"wp_fb_like_button\" style=\"margin:5px 0;float:none;height:100px;\"><script src=\"http:\/\/connect.facebook.net\/en_US\/all.js#xfbml=1\"><\/script><fb:like href=\"https:\/\/kennethwoods.net\/blog1\/product\/gustav-mahler-and-philip-sawyers-fifth-symphonies-2021-2-cds\/\" send=\"false\" layout=\"box_count\" width=\"450\" show_faces=\"true\" font=\"arial\" action=\"like\" colorscheme=\"light\"><\/fb:like><\/div>","protected":false},"excerpt":{"rendered":"<p>COLORADO MAHLERFEST XXXIV COLORADO MAHLERFEST ORCHESTRA KENNETH WOODS, CONDUCTOR DISC I: Philip Sawyers: Symphony No. 5* 1. Moderato 11:50 2. Allegro 5:03 3. Lento 9:32 4. Presto 4:56 5. Allegro 8:27 DISC II: Gustav Mahler: Symphony No. 5 Part 1 1. Trauermarsch 12:23 2. St\u00fcrmisch bewegt, mit gr\u00f6\u00dfter Vehemenz 14:33 Part 2 3. Scherzo 18:52 [&hellip;]<\/p>\n","protected":false},"featured_media":9762,"comment_status":"open","ping_status":"closed","template":"","meta":{"_et_pb_use_builder":"","_et_pb_old_content":"","_et_gb_content_width":""},"product_brand":[],"product_cat":[995],"product_tag":[],"class_list":{"0":"post-9759","1":"product","2":"type-product","3":"status-publish","4":"has-post-thumbnail","6":"product_cat-cds","8":"first","9":"instock","10":"shipping-taxable","11":"purchasable","12":"product-type-simple"},"_links":{"self":[{"href":"https:\/\/kennethwoods.net\/blog1\/wp-json\/wp\/v2\/product\/9759","targetHints":{"allow":["GET"]}}],"collection":[{"href":"https:\/\/kennethwoods.net\/blog1\/wp-json\/wp\/v2\/product"}],"about":[{"href":"https:\/\/kennethwoods.net\/blog1\/wp-json\/wp\/v2\/types\/product"}],"replies":[{"embeddable":true,"href":"https:\/\/kennethwoods.net\/blog1\/wp-json\/wp\/v2\/comments?post=9759"}],"wp:featuredmedia":[{"embeddable":true,"href":"https:\/\/kennethwoods.net\/blog1\/wp-json\/wp\/v2\/media\/9762"}],"wp:attachment":[{"href":"https:\/\/kennethwoods.net\/blog1\/wp-json\/wp\/v2\/media?parent=9759"}],"wp:term":[{"taxonomy":"product_brand","embeddable":true,"href":"https:\/\/kennethwoods.net\/blog1\/wp-json\/wp\/v2\/product_brand?post=9759"},{"taxonomy":"product_cat","embeddable":true,"href":"https:\/\/kennethwoods.net\/blog1\/wp-json\/wp\/v2\/product_cat?post=9759"},{"taxonomy":"product_tag","embeddable":true,"href":"https:\/\/kennethwoods.net\/blog1\/wp-json\/wp\/v2\/product_tag?post=9759"}],"curies":[{"name":"wp","href":"https:\/\/api.w.org\/{rel}","templated":true}]}}